{"id":993,"date":"2024-04-29T03:09:05","date_gmt":"2024-04-29T03:09:05","guid":{"rendered":"https:\/\/lesylvalouencamargue.com\/?page_id=993"},"modified":"2024-05-10T08:43:14","modified_gmt":"2024-05-10T08:43:14","slug":"cgv-le-sylvalou-en-camargue","status":"publish","type":"page","link":"https:\/\/lesylvalouencamargue.com\/en\/cgv-le-sylvalou-en-camargue","title":{"rendered":"CGV"},"content":{"rendered":"<div data-elementor-type=\"wp-page\" data-elementor-id=\"993\" class=\"elementor elementor-993\">\n\t\t\t\t<div class=\"elementor-element elementor-element-af6593b e-con-full e-flex e-con e-parent\" data-id=\"af6593b\" data-element_type=\"container\" data-core-v316-plus=\"true\">\n\t\t\t\t<div class=\"elementor-element elementor-element-212be26 elementor-widget elementor-widget-spacer\" data-id=\"212be26\" data-element_type=\"widget\" data-widget_type=\"spacer.default\">\n\t\t\t\t<div class=\"elementor-widget-container\">\n\t\t\t<style>\/*! elementor - v3.20.0 - 26-03-2024 *\/\n.elementor-column .elementor-spacer-inner{height:var(--spacer-size)}.e-con{--container-widget-width:100%}.e-con-inner>.elementor-widget-spacer,.e-con>.elementor-widget-spacer{width:var(--container-widget-width,var(--spacer-size));--align-self:var(--container-widget-align-self,initial);--flex-shrink:0}.e-con-inner>.elementor-widget-spacer>.elementor-widget-container,.e-con>.elementor-widget-spacer>.elementor-widget-container{height:100%;width:100%}.e-con-inner>.elementor-widget-spacer>.elementor-widget-container>.elementor-spacer,.e-con>.elementor-widget-spacer>.elementor-widget-container>.elementor-spacer{height:100%}.e-con-inner>.elementor-widget-spacer>.elementor-widget-container>.elementor-spacer>.elementor-spacer-inner,.e-con>.elementor-widget-spacer>.elementor-widget-container>.elementor-spacer>.elementor-spacer-inner{height:var(--container-widget-height,var(--spacer-size))}.e-con-inner>.elementor-widget-spacer.elementor-widget-empty,.e-con>.elementor-widget-spacer.elementor-widget-empty{position:relative;min-height:22px;min-width:22px}.e-con-inner>.elementor-widget-spacer.elementor-widget-empty .elementor-widget-empty-icon,.e-con>.elementor-widget-spacer.elementor-widget-empty .elementor-widget-empty-icon{position:absolute;top:0;bottom:0;left:0;right:0;margin:auto;padding:0;width:22px;height:22px}<\/style>\t\t<div class=\"elementor-spacer\">\n\t\t\t<div class=\"elementor-spacer-inner\"><\/div>\n\t\t<\/div>\n\t\t\t\t<\/div>\n\t\t\t\t<\/div>\n\t\t\t\t<div class=\"elementor-element elementor-element-08d9176 elementor-widget elementor-widget-heading\" data-id=\"08d9176\" data-element_type=\"widget\" data-widget_type=\"heading.default\">\n\t\t\t\t<div class=\"elementor-widget-container\">\n\t\t\t<style>\/*! elementor - v3.20.0 - 26-03-2024 *\/\n.elementor-heading-title{padding:0;margin:0;line-height:1}.elementor-widget-heading .elementor-heading-title[class*=elementor-size-]>a{color:inherit;font-size:inherit;line-height:inherit}.elementor-widget-heading .elementor-heading-title.elementor-size-small{font-size:15px}.elementor-widget-heading .elementor-heading-title.elementor-size-medium{font-size:19px}.elementor-widget-heading .elementor-heading-title.elementor-size-large{font-size:29px}.elementor-widget-heading .elementor-heading-title.elementor-size-xl{font-size:39px}.elementor-widget-heading .elementor-heading-title.elementor-size-xxl{font-size:59px}<\/style><h2 class=\"elementor-heading-title elementor-size-default\">CGV<\/h2>\t\t<\/div>\n\t\t\t\t<\/div>\n\t\t\t\t<div class=\"elementor-element elementor-element-9fea550 elementor-widget elementor-widget-spacer\" data-id=\"9fea550\" data-element_type=\"widget\" data-widget_type=\"spacer.default\">\n\t\t\t\t<div class=\"elementor-widget-container\">\n\t\t\t\t\t<div class=\"elementor-spacer\">\n\t\t\t<div class=\"elementor-spacer-inner\"><\/div>\n\t\t<\/div>\n\t\t\t\t<\/div>\n\t\t\t\t<\/div>\n\t\t\t\t<div class=\"elementor-element elementor-element-16dfa63 elementor-widget elementor-widget-text-editor\" data-id=\"16dfa63\" data-element_type=\"widget\" data-widget_type=\"text-editor.default\">\n\t\t\t\t<div class=\"elementor-widget-container\">\n\t\t\t<style>\/*! elementor - v3.20.0 - 26-03-2024 *\/\n.elementor-widget-text-editor.elementor-drop-cap-view-stacked .elementor-drop-cap{background-color:#69727d;color:#fff}.elementor-widget-text-editor.elementor-drop-cap-view-framed .elementor-drop-cap{color:#69727d;border:3px solid;background-color:transparent}.elementor-widget-text-editor:not(.elementor-drop-cap-view-default) .elementor-drop-cap{margin-top:8px}.elementor-widget-text-editor:not(.elementor-drop-cap-view-default) .elementor-drop-cap-letter{width:1em;height:1em}.elementor-widget-text-editor .elementor-drop-cap{float:left;text-align:center;line-height:1;font-size:50px}.elementor-widget-text-editor .elementor-drop-cap-letter{display:inline-block}<\/style>\t\t\t\t<div id=\":mv\" class=\"ii gt\"><div id=\":mu\" class=\"a3s aiL\"><div><div class=\"gmail_quote\"><div><div class=\"gmail_quote\"><p>Article &#8211; 1 : Ce contrat de location saisonni\u00e8re est r\u00e9serv\u00e9 \u00e0 l&rsquo;usage exclusif de la location saisonni\u00e8re LE SYLVALOU, situ\u00e9e 13460 Les Saintes Maries de la Mer.<\/p><p>Article &#8211; 2 : dur\u00e9e du s\u00e9jour : Le locataire signataire du pr\u00e9sent contrat conclu pour une dur\u00e9e d\u00e9termin\u00e9e ne pourra en aucune circonstance se pr\u00e9valoir d&rsquo;un quelconque droit au maintien dans les lieux \u00e0 l&rsquo;issue du s\u00e9jour.<\/p><p>Article \u2013 3 : conclusion du contrat : La r\u00e9servation devient effective d\u00e8s lors que le locataire aura fait parvenir au propri\u00e9taire le montant total de la location au moment de la r\u00e9servation, et la taxe de s\u00e9jour.<\/p><p>Une caution sera donn\u00e9e \u00e0 l&rsquo;arriv\u00e9e dans la location puis restitu\u00e9e au client si aucun dommage n&rsquo;a \u00e9t\u00e9 caus\u00e9.\u00a0<\/p><p>La location conclue entre les parties au pr\u00e9sent acte ne peut en aucun cas b\u00e9n\u00e9ficier m\u00eame partiellement \u00e0 des tiers, personnes physiques ou morales, sauf accord \u00e9crit du loueur.<\/p><p>Toute infraction \u00e0 ce dernier alin\u00e9a serait susceptible d&rsquo;entra\u00eener la r\u00e9siliation imm\u00e9diate de la location aux torts du locataire, le produit de la location restant d\u00e9finitivement acquis au loueur.<\/p><p>Article \u2013 4 : annulation par le locataire : Toute annulation doit \u00eatre notifi\u00e9e par lettre recommand\u00e9e postale ou \u00e9lectronique adress\u00e9e au loueur.<\/p><p>a) Annulation jusqu&rsquo;\u00e0 30 jours avant la date pr\u00e9vue d\u2019entr\u00e9e dans les lieux : le solde est rendu au locataire.<\/p><p>b) Annulation moins de 15 \u00a0jours avant la date pr\u00e9vue d\u2019entr\u00e9e dans les lieux : 50 % du solde vers\u00e9 restent acquis au loueur, \u00e0 moins que le loueur n\u2019ai pu relouer le logement aux m\u00eames conditions financi\u00e8res.\u00a0<\/p><p>c) Annulation \u00e0 7 jours ou moins avant la date pr\u00e9vue d&rsquo;entr\u00e9e dans les lieux : la totalit\u00e9 du solde vers\u00e9 reste acquis au loueur.<\/p><p>d) Si le locataire ne se manifeste pas dans les 24 heures qui suivent la date d\u2019arriv\u00e9e indiqu\u00e9e sur le contrat, l\u2019acompte et le solde restent acquis au loueur. Dans ce cas, le pr\u00e9sent contrat devient nul et le propri\u00e9taire peut disposer de son g\u00eete<\/p><p>d) Si le s\u00e9jour est \u00e9court\u00e9, le prix de la location reste acquis au loueur. Dans ce cas, il ne sera proc\u00e9d\u00e9 \u00e0 aucun remboursement<\/p><p>Article &#8211; 5 : annulation par le loueur : Le loueur reverse au locataire l&rsquo;int\u00e9gralit\u00e9 des sommes vers\u00e9es.<\/p><p>Article \u2013 6 : arriv\u00e9e : Le locataire doit se pr\u00e9senter le jour pr\u00e9cis\u00e9 et \u00e0 partir de l&rsquo;heure mentionn\u00e9e pour les check\/in. En cas d&rsquo;arriv\u00e9e tardive ou diff\u00e9r\u00e9e, le locataire doit pr\u00e9venir le loueur.<\/p><p>D\u00e9part : le locataire s&rsquo;engage \u00e0 quitter les lieux \u00e0 l&rsquo;heure indique pour les check\/out par le loueur.\u00a0<\/p><p>Article \u2013 7 : \u00e9tat des lieux, Un inventaire est fourni et sign\u00e9 par le locataire et le loueur ou son repr\u00e9sentant \u00e0 l&rsquo;arriv\u00e9e et au d\u00e9part du g\u00eete. Cet inventaire constitue la seule r\u00e9f\u00e9rence en cas de litige concernant l&rsquo;\u00e9tat des lieux.<\/p><p>Au moment de l&rsquo;inventaire, l&rsquo;\u00e9tat de propret\u00e9 devra \u00eatre constat\u00e9 par les deux parties. S&rsquo;il n&rsquo;est pas convenable, le locataire pourra exiger un compl\u00e9ment de nettoyage \u00e0 l&rsquo;arriv\u00e9e s&rsquo;il estime que la propret\u00e9 n&rsquo;est pas satisfaisante, de m\u00eame des frais de m\u00e9nage pourront \u00eatre demand\u00e9s en suppl\u00e9ment (100\u20ac) malgr\u00e9 le fait qu\u2019ils soient compris dans le forfait si le g\u00eete est rendu dans un mauvais \u00e9tat car le locataire est tenu de jouir du bien lou\u00e9 en bon p\u00e8re de famille.<\/p><p>Article \u2013 8 : utilisation des lieux : Le locataire est tenu de :<\/p><p>1. N\u2019occuper les lieux que bourgeoisement, \u00e0 l\u2019exclusion de l\u2019exercice de tout commerce, profession ou industrie, le locataire reconnaissant que cette location ne lui est consentie qu\u2019\u00e0 titre de r\u00e9sidence provisoire et de plaisance, condition majeure sans laquelle le pr\u00e9sente location ne lui aurait pas \u00e9t\u00e9 consentie.<\/p><p>2. Ne rien faire qui, de son fait ou du fait de sa famille ou de ses relations, puisse nuire \u00e0 la tranquillit\u00e9 du voisinage.<\/p><p>3. Occuper les lieux personnellement et ne pouvoir en aucun cas sous-louer, m\u00eame gratuitement, ni c\u00e9der ses droits \u00e0 la pr\u00e9sente location sauf accord \u00e9crit du loueur<\/p><p>4. Ne pouvoir sous aucun pr\u00e9texte entreposer des meubles meublants exception faites pour le linge et menus objets<\/p><p>5. Ne faire aucune modification ou changement dans la disposition des meubles et des lieux<\/p><p>6. N\u2019introduire aucun animal familier dans le g\u00eete lou\u00e9 sans autorisation pr\u00e9alable du loueur<\/p><p>7. Laisser ex\u00e9cuter pendant la location dans les lieux lou\u00e9s, les travaux dont l\u2019urgence manifeste ne permet pas leur report<\/p><p>8. Entretenir les lieux lou\u00e9s et les rendre en bon \u00e9tat de propret\u00e9 en fin de jouissance<\/p><p>9. Informer imm\u00e9diatement le loueur ou son repr\u00e9sentant de tout sinistre et des d\u00e9gradations se produisant dans les lieux lou\u00e9s m\u00eame s\u2019il n\u2019en r\u00e9sulte aucun dommage apparent<\/p><p>10. R\u00e9pondre des d\u00e9gradations et pertes qui arrivent par son propre fait ou par le fait des personnes l\u2019accompagnant pendant la jouissance du g\u00eete<\/p><p>Article \u2013 9 : &#8211; capacit\u00e9 : Le pr\u00e9sent contrat est \u00e9tabli pour une capacit\u00e9 maximum de personnes. Si le nombre de locataires d\u00e9passe la capacit\u00e9 d&rsquo;accueil, le loueur peut refuser les personnes suppl\u00e9mentaires. Toute modification ou rupture du contrat sera en cons\u00e9quence consid\u00e9r\u00e9e \u00e0 l&rsquo;initiative du client.<\/p><p>Article &#8211; 10 : animaux : Le pr\u00e9sent contrat pr\u00e9cise que le locataire ne peut s\u00e9journer en compagnie d&rsquo;un animal domestique qu&rsquo;en cas d&rsquo;accord pr\u00e9alable avec le loueur et moyennant une caution suppl\u00e9mentaire de 500 \u20ac. En cas de non-respect de cette clause par le locataire, le loueur peut refuser le s\u00e9jour. Dans ce cas, aucun remboursement ne sera effectu\u00e9.<\/p><p>Article \u2013 11 : assurances : Le locataire est responsable de tous les dommages survenant de son fait. Il est tenu d&rsquo;\u00eatre assur\u00e9 par un contrat d&rsquo;assurance type vill\u00e9giature pour ces diff\u00e9rents risques.<\/p><p>Article \u2013 12 : litiges : Toute r\u00e9clamation relative \u00e0 l&rsquo;\u00e9tat des lieux et \u00e0 l&rsquo;\u00e9tat du descriptif lors d&rsquo;une location, doit \u00eatre soumise au propri\u00e9taire dans un relais de 48H \u00e0 compter de l&rsquo;entr\u00e9e dans les lieux.\u00a0<\/p><div class=\"yj6qo\">\u00a0<\/div><div class=\"adL\">\u00a0<\/div><\/div><\/div><div class=\"adL\">\u00a0<\/div><\/div><\/div><div class=\"adL\">\u00a0<\/div><\/div><\/div><div class=\"hi\">\u00a0<\/div><div class=\"WhmR8e\" data-hash=\"0\">\u00a0<\/div>\t\t\t\t\t\t<\/div>\n\t\t\t\t<\/div>\n\t\t\t\t<\/div>\n\t\t\t\t<\/div>","protected":false},"excerpt":{"rendered":"<p>CGV Article &#8211; 1 : Ce contrat de location saisonni\u00e8re est r\u00e9serv\u00e9 \u00e0 l&rsquo;usage exclusif de la location saisonni\u00e8re LE SYLVALOU, situ\u00e9e 13460 Les Saintes Maries de la Mer. Article &#8211; 2 : dur\u00e9e du s\u00e9jour : Le locataire signataire du pr\u00e9sent contrat conclu pour une dur\u00e9e d\u00e9termin\u00e9e ne pourra en aucune circonstance se pr\u00e9valoir [&hellip;]<\/p>","protected":false},"author":1,"featured_media":0,"parent":0,"menu_order":0,"comment_status":"closed","ping_status":"closed","template":"","meta":{"ocean_post_layout":"","ocean_both_sidebars_style":"","ocean_both_sidebars_content_width":0,"ocean_both_sidebars_sidebars_width":0,"ocean_sidebar":"","ocean_second_sidebar":"","ocean_disable_margins":"enable","ocean_add_body_class":"","ocean_shortcode_before_top_bar":"","ocean_shortcode_after_top_bar":"","ocean_shortcode_before_header":"","ocean_shortcode_after_header":"","ocean_has_shortcode":"","ocean_shortcode_after_title":"","ocean_shortcode_before_footer_widgets":"","ocean_shortcode_after_footer_widgets":"","ocean_shortcode_before_footer_bottom":"","ocean_shortcode_after_footer_bottom":"","ocean_display_top_bar":"default","ocean_display_header":"default","ocean_header_style":"","ocean_center_header_left_menu":"","ocean_custom_header_template":"","ocean_custom_logo":0,"ocean_custom_retina_logo":0,"ocean_custom_logo_max_width":0,"ocean_custom_logo_tablet_max_width":0,"ocean_custom_logo_mobile_max_width":0,"ocean_custom_logo_max_height":0,"ocean_custom_logo_tablet_max_height":0,"ocean_custom_logo_mobile_max_height":0,"ocean_header_custom_menu":"","ocean_menu_typo_font_family":"","ocean_menu_typo_font_subset":"","ocean_menu_typo_font_size":0,"ocean_menu_typo_font_size_tablet":0,"ocean_menu_typo_font_size_mobile":0,"ocean_menu_typo_font_size_unit":"px","ocean_menu_typo_font_weight":"","ocean_menu_typo_font_weight_tablet":"","ocean_menu_typo_font_weight_mobile":"","ocean_menu_typo_transform":"","ocean_menu_typo_transform_tablet":"","ocean_menu_typo_transform_mobile":"","ocean_menu_typo_line_height":0,"ocean_menu_typo_line_height_tablet":0,"ocean_menu_typo_line_height_mobile":0,"ocean_menu_typo_line_height_unit":"","ocean_menu_typo_spacing":0,"ocean_menu_typo_spacing_tablet":0,"ocean_menu_typo_spacing_mobile":0,"ocean_menu_typo_spacing_unit":"","ocean_menu_link_color":"","ocean_menu_link_color_hover":"","ocean_menu_link_color_active":"","ocean_menu_link_background":"","ocean_menu_link_hover_background":"","ocean_menu_link_active_background":"","ocean_menu_social_links_bg":"","ocean_menu_social_hover_links_bg":"","ocean_menu_social_links_color":"","ocean_menu_social_hover_links_color":"","ocean_disable_title":"default","ocean_disable_heading":"default","ocean_post_title":"","ocean_post_subheading":"","ocean_post_title_style":"","ocean_post_title_background_color":"","ocean_post_title_background":0,"ocean_post_title_bg_image_position":"","ocean_post_title_bg_image_attachment":"","ocean_post_title_bg_image_repeat":"","ocean_post_title_bg_image_size":"","ocean_post_title_height":0,"ocean_post_title_bg_overlay":0.5,"ocean_post_title_bg_overlay_color":"","ocean_disable_breadcrumbs":"default","ocean_breadcrumbs_color":"","ocean_breadcrumbs_separator_color":"","ocean_breadcrumbs_links_color":"","ocean_breadcrumbs_links_hover_color":"","ocean_display_footer_widgets":"default","ocean_display_footer_bottom":"default","ocean_custom_footer_template":"","footnotes":""},"class_list":["post-993","page","type-page","status-publish","hentry","entry"],"yoast_head":"<!-- This site is optimized with the Yoast SEO plugin v22.4 - https:\/\/yoast.com\/wordpress\/plugins\/seo\/ -->\n<title>CGV - Le Sylvalou en camargue<\/title>\n<meta name=\"description\" content=\"Retrouvez les conditions g\u00e9n\u00e9rales de ventes du Sylvalou en Camargue, mas camarguais \u00e0 louer aux Saintes Maries de la Mer\" \/>\n<meta name=\"robots\" content=\"index, follow, max-snippet:-1, max-image-preview:large, max-video-preview:-1\" \/>\n<link rel=\"canonical\" href=\"https:\/\/lesylvalouencamargue.com\/en\/cgv-le-sylvalou-en-camargue\/\" \/>\n<meta property=\"og:locale\" content=\"en_US\" \/>\n<meta property=\"og:type\" content=\"article\" \/>\n<meta property=\"og:title\" content=\"CGV - Le Sylvalou en camargue\" \/>\n<meta property=\"og:description\" content=\"Retrouvez les conditions g\u00e9n\u00e9rales de ventes du Sylvalou en Camargue, mas camarguais \u00e0 louer aux Saintes Maries de la Mer\" \/>\n<meta property=\"og:url\" content=\"https:\/\/lesylvalouencamargue.com\/en\/cgv-le-sylvalou-en-camargue\/\" \/>\n<meta property=\"og:site_name\" content=\"Le Sylvalou en camargue\" \/>\n<meta property=\"article:modified_time\" content=\"2024-05-10T08:43:14+00:00\" \/>\n<meta name=\"twitter:card\" content=\"summary_large_image\" \/>\n<meta name=\"twitter:label1\" content=\"Est. reading time\" \/>\n\t<meta name=\"twitter:data1\" content=\"5 minutes\" \/>\n<script type=\"application\/ld+json\" class=\"yoast-schema-graph\">{\"@context\":\"https:\/\/schema.org\",\"@graph\":[{\"@type\":\"WebPage\",\"@id\":\"https:\/\/lesylvalouencamargue.com\/cgv-le-sylvalou-en-camargue\",\"url\":\"https:\/\/lesylvalouencamargue.com\/cgv-le-sylvalou-en-camargue\",\"name\":\"CGV - Le Sylvalou en camargue\",\"isPartOf\":{\"@id\":\"https:\/\/lesylvalouencamargue.com\/#website\"},\"datePublished\":\"2024-04-29T03:09:05+00:00\",\"dateModified\":\"2024-05-10T08:43:14+00:00\",\"description\":\"Retrouvez les conditions g\u00e9n\u00e9rales de ventes du Sylvalou en Camargue, mas camarguais \u00e0 louer aux Saintes Maries de la Mer\",\"breadcrumb\":{\"@id\":\"https:\/\/lesylvalouencamargue.com\/cgv-le-sylvalou-en-camargue#breadcrumb\"},\"inLanguage\":\"en-US\",\"potentialAction\":[{\"@type\":\"ReadAction\",\"target\":[\"https:\/\/lesylvalouencamargue.com\/cgv-le-sylvalou-en-camargue\"]}]},{\"@type\":\"BreadcrumbList\",\"@id\":\"https:\/\/lesylvalouencamargue.com\/cgv-le-sylvalou-en-camargue#breadcrumb\",\"itemListElement\":[{\"@type\":\"ListItem\",\"position\":1,\"name\":\"Accueil\",\"item\":\"https:\/\/lesylvalouencamargue.com\/\"},{\"@type\":\"ListItem\",\"position\":2,\"name\":\"CGV\"}]},{\"@type\":\"WebSite\",\"@id\":\"https:\/\/lesylvalouencamargue.com\/#website\",\"url\":\"https:\/\/lesylvalouencamargue.com\/\",\"name\":\"lesylvalouencamargue\",\"description\":\"Mas camarguais aux Saintes Maries de la Mer\",\"publisher\":{\"@id\":\"https:\/\/lesylvalouencamargue.com\/#organization\"},\"alternateName\":\"le sylvalou en camargue\",\"potentialAction\":[{\"@type\":\"SearchAction\",\"target\":{\"@type\":\"EntryPoint\",\"urlTemplate\":\"https:\/\/lesylvalouencamargue.com\/?s={search_term_string}\"},\"query-input\":\"required name=search_term_string\"}],\"inLanguage\":\"en-US\"},{\"@type\":\"Organization\",\"@id\":\"https:\/\/lesylvalouencamargue.com\/#organization\",\"name\":\"Le Sylvalou en camargue\",\"url\":\"https:\/\/lesylvalouencamargue.com\/\",\"logo\":{\"@type\":\"ImageObject\",\"inLanguage\":\"en-US\",\"@id\":\"https:\/\/lesylvalouencamargue.com\/#\/schema\/logo\/image\/\",\"url\":\"https:\/\/lesylvalouencamargue.com\/wp-content\/uploads\/2024\/04\/cropped-Logo-sylvalou-2024.png\",\"contentUrl\":\"https:\/\/lesylvalouencamargue.com\/wp-content\/uploads\/2024\/04\/cropped-Logo-sylvalou-2024.png\",\"width\":1945,\"height\":1484,\"caption\":\"Le Sylvalou en camargue\"},\"image\":{\"@id\":\"https:\/\/lesylvalouencamargue.com\/#\/schema\/logo\/image\/\"}}]}<\/script>\n<!-- \/ Yoast SEO plugin. -->","yoast_head_json":{"title":"CGV - Le Sylvalou en camargue","description":"Retrouvez les conditions g\u00e9n\u00e9rales de ventes du Sylvalou en Camargue, mas camarguais \u00e0 louer aux Saintes Maries de la Mer","robots":{"index":"index","follow":"follow","max-snippet":"max-snippet:-1","max-image-preview":"max-image-preview:large","max-video-preview":"max-video-preview:-1"},"canonical":"https:\/\/lesylvalouencamargue.com\/en\/cgv-le-sylvalou-en-camargue\/","og_locale":"en_US","og_type":"article","og_title":"CGV - Le Sylvalou en camargue","og_description":"Retrouvez les conditions g\u00e9n\u00e9rales de ventes du Sylvalou en Camargue, mas camarguais \u00e0 louer aux Saintes Maries de la Mer","og_url":"https:\/\/lesylvalouencamargue.com\/en\/cgv-le-sylvalou-en-camargue\/","og_site_name":"Le Sylvalou en camargue","article_modified_time":"2024-05-10T08:43:14+00:00","twitter_card":"summary_large_image","twitter_misc":{"Est. reading time":"5 minutes"},"schema":{"@context":"https:\/\/schema.org","@graph":[{"@type":"WebPage","@id":"https:\/\/lesylvalouencamargue.com\/cgv-le-sylvalou-en-camargue","url":"https:\/\/lesylvalouencamargue.com\/cgv-le-sylvalou-en-camargue","name":"CGV - Le Sylvalou en camargue","isPartOf":{"@id":"https:\/\/lesylvalouencamargue.com\/#website"},"datePublished":"2024-04-29T03:09:05+00:00","dateModified":"2024-05-10T08:43:14+00:00","description":"Retrouvez les conditions g\u00e9n\u00e9rales de ventes du Sylvalou en Camargue, mas camarguais \u00e0 louer aux Saintes Maries de la Mer","breadcrumb":{"@id":"https:\/\/lesylvalouencamargue.com\/cgv-le-sylvalou-en-camargue#breadcrumb"},"inLanguage":"en-US","potentialAction":[{"@type":"ReadAction","target":["https:\/\/lesylvalouencamargue.com\/cgv-le-sylvalou-en-camargue"]}]},{"@type":"BreadcrumbList","@id":"https:\/\/lesylvalouencamargue.com\/cgv-le-sylvalou-en-camargue#breadcrumb","itemListElement":[{"@type":"ListItem","position":1,"name":"Accueil","item":"https:\/\/lesylvalouencamargue.com\/"},{"@type":"ListItem","position":2,"name":"CGV"}]},{"@type":"WebSite","@id":"https:\/\/lesylvalouencamargue.com\/#website","url":"https:\/\/lesylvalouencamargue.com\/","name":"lesylvalouencamargue","description":"Mas camarguais aux Saintes Maries de la Mer","publisher":{"@id":"https:\/\/lesylvalouencamargue.com\/#organization"},"alternateName":"le sylvalou en camargue","potentialAction":[{"@type":"SearchAction","target":{"@type":"EntryPoint","urlTemplate":"https:\/\/lesylvalouencamargue.com\/?s={search_term_string}"},"query-input":"required name=search_term_string"}],"inLanguage":"en-US"},{"@type":"Organization","@id":"https:\/\/lesylvalouencamargue.com\/#organization","name":"Le Sylvalou en camargue","url":"https:\/\/lesylvalouencamargue.com\/","logo":{"@type":"ImageObject","inLanguage":"en-US","@id":"https:\/\/lesylvalouencamargue.com\/#\/schema\/logo\/image\/","url":"https:\/\/lesylvalouencamargue.com\/wp-content\/uploads\/2024\/04\/cropped-Logo-sylvalou-2024.png","contentUrl":"https:\/\/lesylvalouencamargue.com\/wp-content\/uploads\/2024\/04\/cropped-Logo-sylvalou-2024.png","width":1945,"height":1484,"caption":"Le Sylvalou en camargue"},"image":{"@id":"https:\/\/lesylvalouencamargue.com\/#\/schema\/logo\/image\/"}}]}},"_links":{"self":[{"href":"https:\/\/lesylvalouencamargue.com\/en\/wp-json\/wp\/v2\/pages\/993","targetHints":{"allow":["GET"]}}],"collection":[{"href":"https:\/\/lesylvalouencamargue.com\/en\/wp-json\/wp\/v2\/pages"}],"about":[{"href":"https:\/\/lesylvalouencamargue.com\/en\/wp-json\/wp\/v2\/types\/page"}],"author":[{"embeddable":true,"href":"https:\/\/lesylvalouencamargue.com\/en\/wp-json\/wp\/v2\/users\/1"}],"replies":[{"embeddable":true,"href":"https:\/\/lesylvalouencamargue.com\/en\/wp-json\/wp\/v2\/comments?post=993"}],"version-history":[{"count":16,"href":"https:\/\/lesylvalouencamargue.com\/en\/wp-json\/wp\/v2\/pages\/993\/revisions"}],"predecessor-version":[{"id":1014,"href":"https:\/\/lesylvalouencamargue.com\/en\/wp-json\/wp\/v2\/pages\/993\/revisions\/1014"}],"wp:attachment":[{"href":"https:\/\/lesylvalouencamargue.com\/en\/wp-json\/wp\/v2\/media?parent=993"}],"curies":[{"name":"wp","href":"https:\/\/api.w.org\/{rel}","templated":true}]}}