{"id":980,"date":"2024-04-28T19:23:17","date_gmt":"2024-04-28T19:23:17","guid":{"rendered":"https:\/\/lesylvalouencamargue.com\/?page_id=980"},"modified":"2024-05-10T09:01:00","modified_gmt":"2024-05-10T09:01:00","slug":"mentions-legales-le-sylvalou-en-camargue","status":"publish","type":"page","link":"http:\/\/lesylvalouencamargue.com\/en\/mentions-legales-le-sylvalou-en-camargue","title":{"rendered":"Legal notices"},"content":{"rendered":"<div data-elementor-type=\"wp-page\" data-elementor-id=\"980\" class=\"elementor elementor-980\">\n\t\t\t\t<div class=\"elementor-element elementor-element-c41e4bd e-con-full e-flex e-con e-parent\" data-id=\"c41e4bd\" data-element_type=\"container\" data-core-v316-plus=\"true\">\n\t\t\t\t<div class=\"elementor-element elementor-element-409e852 elementor-widget elementor-widget-spacer\" data-id=\"409e852\" data-element_type=\"widget\" data-widget_type=\"spacer.default\">\n\t\t\t\t<div class=\"elementor-widget-container\">\n\t\t\t<style>\/*! elementor - v3.20.0 - 26-03-2024 *\/\n.elementor-column .elementor-spacer-inner{height:var(--spacer-size)}.e-con{--container-widget-width:100%}.e-con-inner>.elementor-widget-spacer,.e-con>.elementor-widget-spacer{width:var(--container-widget-width,var(--spacer-size));--align-self:var(--container-widget-align-self,initial);--flex-shrink:0}.e-con-inner>.elementor-widget-spacer>.elementor-widget-container,.e-con>.elementor-widget-spacer>.elementor-widget-container{height:100%;width:100%}.e-con-inner>.elementor-widget-spacer>.elementor-widget-container>.elementor-spacer,.e-con>.elementor-widget-spacer>.elementor-widget-container>.elementor-spacer{height:100%}.e-con-inner>.elementor-widget-spacer>.elementor-widget-container>.elementor-spacer>.elementor-spacer-inner,.e-con>.elementor-widget-spacer>.elementor-widget-container>.elementor-spacer>.elementor-spacer-inner{height:var(--container-widget-height,var(--spacer-size))}.e-con-inner>.elementor-widget-spacer.elementor-widget-empty,.e-con>.elementor-widget-spacer.elementor-widget-empty{position:relative;min-height:22px;min-width:22px}.e-con-inner>.elementor-widget-spacer.elementor-widget-empty .elementor-widget-empty-icon,.e-con>.elementor-widget-spacer.elementor-widget-empty .elementor-widget-empty-icon{position:absolute;top:0;bottom:0;left:0;right:0;margin:auto;padding:0;width:22px;height:22px}<\/style>\t\t<div class=\"elementor-spacer\">\n\t\t\t<div class=\"elementor-spacer-inner\"><\/div>\n\t\t<\/div>\n\t\t\t\t<\/div>\n\t\t\t\t<\/div>\n\t\t\t\t<div class=\"elementor-element elementor-element-3a0f648 elementor-widget elementor-widget-heading\" data-id=\"3a0f648\" data-element_type=\"widget\" data-widget_type=\"heading.default\">\n\t\t\t\t<div class=\"elementor-widget-container\">\n\t\t\t<style>\/*! elementor - v3.20.0 - 26-03-2024 *\/\n.elementor-heading-title{padding:0;margin:0;line-height:1}.elementor-widget-heading .elementor-heading-title[class*=elementor-size-]>a{color:inherit;font-size:inherit;line-height:inherit}.elementor-widget-heading .elementor-heading-title.elementor-size-small{font-size:15px}.elementor-widget-heading .elementor-heading-title.elementor-size-medium{font-size:19px}.elementor-widget-heading .elementor-heading-title.elementor-size-large{font-size:29px}.elementor-widget-heading .elementor-heading-title.elementor-size-xl{font-size:39px}.elementor-widget-heading .elementor-heading-title.elementor-size-xxl{font-size:59px}<\/style><h2 class=\"elementor-heading-title elementor-size-default\">MENTIONS L\u00c9GALES<\/h2>\t\t<\/div>\n\t\t\t\t<\/div>\n\t\t\t\t<div class=\"elementor-element elementor-element-16fdb6f elementor-widget elementor-widget-spacer\" data-id=\"16fdb6f\" data-element_type=\"widget\" data-widget_type=\"spacer.default\">\n\t\t\t\t<div class=\"elementor-widget-container\">\n\t\t\t\t\t<div class=\"elementor-spacer\">\n\t\t\t<div class=\"elementor-spacer-inner\"><\/div>\n\t\t<\/div>\n\t\t\t\t<\/div>\n\t\t\t\t<\/div>\n\t\t\t\t<div class=\"elementor-element elementor-element-ef49c6a elementor-widget elementor-widget-text-editor\" data-id=\"ef49c6a\" data-element_type=\"widget\" data-widget_type=\"text-editor.default\">\n\t\t\t\t<div class=\"elementor-widget-container\">\n\t\t\t<style>\/*! elementor - v3.20.0 - 26-03-2024 *\/\n.elementor-widget-text-editor.elementor-drop-cap-view-stacked .elementor-drop-cap{background-color:#69727d;color:#fff}.elementor-widget-text-editor.elementor-drop-cap-view-framed .elementor-drop-cap{color:#69727d;border:3px solid;background-color:transparent}.elementor-widget-text-editor:not(.elementor-drop-cap-view-default) .elementor-drop-cap{margin-top:8px}.elementor-widget-text-editor:not(.elementor-drop-cap-view-default) .elementor-drop-cap-letter{width:1em;height:1em}.elementor-widget-text-editor .elementor-drop-cap{float:left;text-align:center;line-height:1;font-size:50px}.elementor-widget-text-editor .elementor-drop-cap-letter{display:inline-block}<\/style>\t\t\t\t<div class=\"page\" title=\"Page 1\"><div class=\"layoutArea\"><div class=\"column\"><p>In accordance with the provisions of Articles 6-III and 19 of Law No. 2004-575 of June 21, 2004 for Confidence in the Digital Economy, known as L.C.E.N., users and visitors to the lesylvalouencamargue.com website are informed of the present legal notice.<\/p><p>Connection to and browsing of the Site by the User implies full and unreserved acceptance of the present legal notice.<\/p><p>Ces derni\u00e8res sont accessibles sur le Site \u00e0 la rubrique \u00ab Mentions l\u00e9gales \u00bb.<\/p><p>ARTICLE 1 - THE PUBLISHER<\/p><p>L\u2019e\u0301dition et la direction de la publication du Site est assure\u0301e par Le Sylvalou domicilie\u0301 aux Saintes Maries de la Mer, dont l&rsquo;adresse e-mail est lesylvalouencamargue@gmail.com<\/p><p>ARTICLE 2 &#8211; L&rsquo;HEBERGEUR<\/p><p>L&rsquo;he\u0301bergeur du Site est la socie\u0301te\u0301 IONOS SARL (UNETUN-UN ET UN-1ET1), dont le sie\u0300ge social est situe\u0301 au sie\u0300ge social 1&amp;1 IONOS\/UNETUN\/UN-ET-UN\/1ET1\/ONEANDONE\/ONE-AND-ONE, 7 PLACE DE LA GARE 57200 SARREGUEMINES<\/p><p>ARTICLE 3 &#8211; ACCES AU SITE<\/p><p>Le Site est accessible en tout endroit, 7j\/7, 24h\/24 sauf cas de force majeure, interruption programme\u0301e ou non et pouvant de\u0301coulant d\u2019une ne\u0301cessite\u0301 de maintenance.<\/p><p>En cas de modification, interruption ou suspension du Site, l&rsquo;Editeur ne saurait e\u0302tre tenu responsable.<\/p><p>ARTICLE 4 &#8211; COLLECTE DES DONNEES<\/p><p>Le Site assure a\u0300 l&rsquo;Utilisateur une collecte et un traitement d&rsquo;informations personnelles dans le respect de la vie prive\u0301e conforme\u0301ment a\u0300 la loi n\u00b078-17 du 6 janvier 1978 relative a\u0300 l&rsquo;informatique, aux fichiers et aux liberte\u0301s.<\/p><\/div><\/div><\/div><div class=\"page\" title=\"Page 2\"><div class=\"layoutArea\"><div class=\"column\"><p>En vertu de la loi Informatique et Liberte\u0301s, en date du 6 janvier 1978, l&rsquo;Utilisateur dispose d&rsquo;un droit d&rsquo;acce\u0300s, de rectification, de suppression et d&rsquo;opposition de ses donne\u0301es personnelles. L&rsquo;Utilisateur exerce ce droit :<br \/>\u00b7 par mail a\u0300 l&rsquo;adresse email lesylvalouencamargue@gmail.com<\/p><p>Toute utilisation, reproduction, diffusion, commercialisation, modification de toute ou partie du Site, sans autorisation de l\u2019Editeur est prohibe\u0301e et pourra entrai\u0302ne\u0301e des actions et poursuites judiciaires telles que notamment pre\u0301vues par le Code de la proprie\u0301te\u0301 intellectuelle et le Code civil.<\/p><p>Pour plus d\u2019informations, se reporter aux CGV du site lesylvalouencamargue.com accessible a\u0300 la rubrique \u00ab\u00a0CGV\u00a0\u00bb.<\/p><p>ARTICLE 5 &#8211; LIENS HYPERTEXTES ET COOKIES<\/p><\/div><p>Le site lesylvalouencamargue.com contient un certain nombre de liens hypertextes vers d\u2019autres sites (informations \u2026) mis en place avec l\u2019autorisation du propri\u00e9taire du site . Cependant, le propri\u00e9taire du site n\u2019a pas la possibilit\u00e9 de v\u00e9rifier le contenu des sites ainsi visit\u00e9s et d\u00e9cline donc toute responsabilit\u00e9 de ce fait quand aux risques \u00e9ventuels de contenus illicites.<\/p><p>L\u2019utilisateur est inform\u00e9 que lors de ses visites sur le site lesylvalouencamargue.com un ou des cookies sont susceptibles de s\u2019installer automatiquement sur son ordinateur. Un cookie est un fichier de petite taille, qui ne permet pas l\u2019identification de l\u2019utilisateur, mais qui enregistre des informations relatives \u00e0 la navigation d\u2019un ordinateur sur un site. Les donn\u00e9es ainsi obtenues visent \u00e0 faciliter la navigation ult\u00e9rieure sur le site, et ont \u00e9galement vocation \u00e0 permettre diverses mesures de fr\u00e9quentation.<\/p><p>Le param\u00e9trage du logiciel de navigation permet d\u2019informer de la pr\u00e9sence de cookie et \u00e9ventuellement, de refuser de la mani\u00e8re d\u00e9crite \u00e0 l\u2019adresse suivante : www.cnil.fr<br \/>Le refus d\u2019installation d\u2019un cookie peut entra\u00eener l\u2019impossibilit\u00e9 d\u2019acc\u00e9der \u00e0 certains services. L\u2019utilisateur peut toutefois configurer son ordinateur pour refuser l\u2019installation des cookies.<\/p><div class=\"column\"><p>Re\u0301dige\u0301 sur http:\/\/legalplace.fr<\/p><\/div><\/div><\/div>\t\t\t\t\t\t<\/div>\n\t\t\t\t<\/div>\n\t\t\t\t<\/div>\n\t\t\t\t<\/div>","protected":false},"excerpt":{"rendered":"<p>MENTIONS L\u00c9GALES Conforme\u0301ment aux dispositions des Articles 6-III et 19 de la Loi n\u00b02004-575 du 21 juin 2004 pour la Confiance dans l\u2019e\u0301conomie nume\u0301rique, dite L.C.E.N., il est porte\u0301 a\u0300 la connaissance des utilisateurs et visiteurs,, du site lesylvalouencamargue.com, les pre\u0301sentes mentions le\u0301gales. La connexion et la navigation sur le Site par l\u2019Utilisateur implique acceptation [&hellip;]<\/p>","protected":false},"author":1,"featured_media":0,"parent":0,"menu_order":0,"comment_status":"closed","ping_status":"closed","template":"","meta":{"ocean_post_layout":"","ocean_both_sidebars_style":"","ocean_both_sidebars_content_width":0,"ocean_both_sidebars_sidebars_width":0,"ocean_sidebar":"","ocean_second_sidebar":"","ocean_disable_margins":"enable","ocean_add_body_class":"","ocean_shortcode_before_top_bar":"","ocean_shortcode_after_top_bar":"","ocean_shortcode_before_header":"","ocean_shortcode_after_header":"","ocean_has_shortcode":"","ocean_shortcode_after_title":"","ocean_shortcode_before_footer_widgets":"","ocean_shortcode_after_footer_widgets":"","ocean_shortcode_before_footer_bottom":"","ocean_shortcode_after_footer_bottom":"","ocean_display_top_bar":"default","ocean_display_header":"default","ocean_header_style":"","ocean_center_header_left_menu":"","ocean_custom_header_template":"","ocean_custom_logo":0,"ocean_custom_retina_logo":0,"ocean_custom_logo_max_width":0,"ocean_custom_logo_tablet_max_width":0,"ocean_custom_logo_mobile_max_width":0,"ocean_custom_logo_max_height":0,"ocean_custom_logo_tablet_max_height":0,"ocean_custom_logo_mobile_max_height":0,"ocean_header_custom_menu":"","ocean_menu_typo_font_family":"","ocean_menu_typo_font_subset":"","ocean_menu_typo_font_size":0,"ocean_menu_typo_font_size_tablet":0,"ocean_menu_typo_font_size_mobile":0,"ocean_menu_typo_font_size_unit":"px","ocean_menu_typo_font_weight":"","ocean_menu_typo_font_weight_tablet":"","ocean_menu_typo_font_weight_mobile":"","ocean_menu_typo_transform":"","ocean_menu_typo_transform_tablet":"","ocean_menu_typo_transform_mobile":"","ocean_menu_typo_line_height":0,"ocean_menu_typo_line_height_tablet":0,"ocean_menu_typo_line_height_mobile":0,"ocean_menu_typo_line_height_unit":"","ocean_menu_typo_spacing":0,"ocean_menu_typo_spacing_tablet":0,"ocean_menu_typo_spacing_mobile":0,"ocean_menu_typo_spacing_unit":"","ocean_menu_link_color":"","ocean_menu_link_color_hover":"","ocean_menu_link_color_active":"","ocean_menu_link_background":"","ocean_menu_link_hover_background":"","ocean_menu_link_active_background":"","ocean_menu_social_links_bg":"","ocean_menu_social_hover_links_bg":"","ocean_menu_social_links_color":"","ocean_menu_social_hover_links_color":"","ocean_disable_title":"default","ocean_disable_heading":"default","ocean_post_title":"","ocean_post_subheading":"","ocean_post_title_style":"","ocean_post_title_background_color":"","ocean_post_title_background":0,"ocean_post_title_bg_image_position":"","ocean_post_title_bg_image_attachment":"","ocean_post_title_bg_image_repeat":"","ocean_post_title_bg_image_size":"","ocean_post_title_height":0,"ocean_post_title_bg_overlay":0.5,"ocean_post_title_bg_overlay_color":"","ocean_disable_breadcrumbs":"default","ocean_breadcrumbs_color":"","ocean_breadcrumbs_separator_color":"","ocean_breadcrumbs_links_color":"","ocean_breadcrumbs_links_hover_color":"","ocean_display_footer_widgets":"default","ocean_display_footer_bottom":"default","ocean_custom_footer_template":"","footnotes":""},"class_list":["post-980","page","type-page","status-publish","hentry","entry"],"yoast_head":"<!-- This site is optimized with the Yoast SEO plugin v22.4 - https:\/\/yoast.com\/wordpress\/plugins\/seo\/ -->\n<title>Mentions l\u00e9gales - Le Sylvalou en camargue<\/title>\n<meta name=\"description\" content=\"Mentions l\u00e9gales du Sylvalou en Camargue, gite camarguais spacieux et confortable pour vous accueillir en couple ou en famille\" \/>\n<meta name=\"robots\" content=\"index, follow, max-snippet:-1, max-image-preview:large, max-video-preview:-1\" \/>\n<link rel=\"canonical\" href=\"http:\/\/lesylvalouencamargue.com\/en\/mentions-legales-le-sylvalou-en-camargue\/\" \/>\n<meta property=\"og:locale\" content=\"en_US\" \/>\n<meta property=\"og:type\" content=\"article\" \/>\n<meta property=\"og:title\" content=\"Mentions l\u00e9gales - Le Sylvalou en camargue\" \/>\n<meta property=\"og:description\" content=\"Mentions l\u00e9gales du Sylvalou en Camargue, gite camarguais spacieux et confortable pour vous accueillir en couple ou en famille\" \/>\n<meta property=\"og:url\" content=\"http:\/\/lesylvalouencamargue.com\/en\/mentions-legales-le-sylvalou-en-camargue\/\" \/>\n<meta property=\"og:site_name\" content=\"Le Sylvalou en camargue\" \/>\n<meta property=\"article:modified_time\" content=\"2024-05-10T09:01:00+00:00\" \/>\n<meta name=\"twitter:card\" content=\"summary_large_image\" \/>\n<meta name=\"twitter:label1\" content=\"Est. reading time\" \/>\n\t<meta name=\"twitter:data1\" content=\"3 minutes\" \/>\n<script type=\"application\/ld+json\" class=\"yoast-schema-graph\">{\"@context\":\"https:\/\/schema.org\",\"@graph\":[{\"@type\":\"WebPage\",\"@id\":\"https:\/\/lesylvalouencamargue.com\/mentions-legales-le-sylvalou-en-camargue\",\"url\":\"https:\/\/lesylvalouencamargue.com\/mentions-legales-le-sylvalou-en-camargue\",\"name\":\"Mentions l\u00e9gales - Le Sylvalou en camargue\",\"isPartOf\":{\"@id\":\"https:\/\/lesylvalouencamargue.com\/#website\"},\"datePublished\":\"2024-04-28T19:23:17+00:00\",\"dateModified\":\"2024-05-10T09:01:00+00:00\",\"description\":\"Mentions l\u00e9gales du Sylvalou en Camargue, gite camarguais spacieux et confortable pour vous accueillir en couple ou en famille\",\"breadcrumb\":{\"@id\":\"https:\/\/lesylvalouencamargue.com\/mentions-legales-le-sylvalou-en-camargue#breadcrumb\"},\"inLanguage\":\"en-US\",\"potentialAction\":[{\"@type\":\"ReadAction\",\"target\":[\"https:\/\/lesylvalouencamargue.com\/mentions-legales-le-sylvalou-en-camargue\"]}]},{\"@type\":\"BreadcrumbList\",\"@id\":\"https:\/\/lesylvalouencamargue.com\/mentions-legales-le-sylvalou-en-camargue#breadcrumb\",\"itemListElement\":[{\"@type\":\"ListItem\",\"position\":1,\"name\":\"Accueil\",\"item\":\"https:\/\/lesylvalouencamargue.com\/\"},{\"@type\":\"ListItem\",\"position\":2,\"name\":\"Mentions l\u00e9gales\"}]},{\"@type\":\"WebSite\",\"@id\":\"https:\/\/lesylvalouencamargue.com\/#website\",\"url\":\"https:\/\/lesylvalouencamargue.com\/\",\"name\":\"lesylvalouencamargue\",\"description\":\"Mas camarguais aux Saintes Maries de la Mer\",\"publisher\":{\"@id\":\"https:\/\/lesylvalouencamargue.com\/#organization\"},\"alternateName\":\"le sylvalou en camargue\",\"potentialAction\":[{\"@type\":\"SearchAction\",\"target\":{\"@type\":\"EntryPoint\",\"urlTemplate\":\"https:\/\/lesylvalouencamargue.com\/?s={search_term_string}\"},\"query-input\":\"required name=search_term_string\"}],\"inLanguage\":\"en-US\"},{\"@type\":\"Organization\",\"@id\":\"https:\/\/lesylvalouencamargue.com\/#organization\",\"name\":\"Le Sylvalou en camargue\",\"url\":\"https:\/\/lesylvalouencamargue.com\/\",\"logo\":{\"@type\":\"ImageObject\",\"inLanguage\":\"en-US\",\"@id\":\"https:\/\/lesylvalouencamargue.com\/#\/schema\/logo\/image\/\",\"url\":\"https:\/\/lesylvalouencamargue.com\/wp-content\/uploads\/2024\/04\/cropped-Logo-sylvalou-2024.png\",\"contentUrl\":\"https:\/\/lesylvalouencamargue.com\/wp-content\/uploads\/2024\/04\/cropped-Logo-sylvalou-2024.png\",\"width\":1945,\"height\":1484,\"caption\":\"Le Sylvalou en camargue\"},\"image\":{\"@id\":\"https:\/\/lesylvalouencamargue.com\/#\/schema\/logo\/image\/\"}}]}<\/script>\n<!-- \/ Yoast SEO plugin. -->","yoast_head_json":{"title":"Mentions l\u00e9gales - Le Sylvalou en camargue","description":"Mentions l\u00e9gales du Sylvalou en Camargue, gite camarguais spacieux et confortable pour vous accueillir en couple ou en famille","robots":{"index":"index","follow":"follow","max-snippet":"max-snippet:-1","max-image-preview":"max-image-preview:large","max-video-preview":"max-video-preview:-1"},"canonical":"http:\/\/lesylvalouencamargue.com\/en\/mentions-legales-le-sylvalou-en-camargue\/","og_locale":"en_US","og_type":"article","og_title":"Mentions l\u00e9gales - Le Sylvalou en camargue","og_description":"Mentions l\u00e9gales du Sylvalou en Camargue, gite camarguais spacieux et confortable pour vous accueillir en couple ou en famille","og_url":"http:\/\/lesylvalouencamargue.com\/en\/mentions-legales-le-sylvalou-en-camargue\/","og_site_name":"Le Sylvalou en camargue","article_modified_time":"2024-05-10T09:01:00+00:00","twitter_card":"summary_large_image","twitter_misc":{"Est. reading time":"3 minutes"},"schema":{"@context":"https:\/\/schema.org","@graph":[{"@type":"WebPage","@id":"https:\/\/lesylvalouencamargue.com\/mentions-legales-le-sylvalou-en-camargue","url":"https:\/\/lesylvalouencamargue.com\/mentions-legales-le-sylvalou-en-camargue","name":"Mentions l\u00e9gales - Le Sylvalou en camargue","isPartOf":{"@id":"https:\/\/lesylvalouencamargue.com\/#website"},"datePublished":"2024-04-28T19:23:17+00:00","dateModified":"2024-05-10T09:01:00+00:00","description":"Mentions l\u00e9gales du Sylvalou en Camargue, gite camarguais spacieux et confortable pour vous accueillir en couple ou en famille","breadcrumb":{"@id":"https:\/\/lesylvalouencamargue.com\/mentions-legales-le-sylvalou-en-camargue#breadcrumb"},"inLanguage":"en-US","potentialAction":[{"@type":"ReadAction","target":["https:\/\/lesylvalouencamargue.com\/mentions-legales-le-sylvalou-en-camargue"]}]},{"@type":"BreadcrumbList","@id":"https:\/\/lesylvalouencamargue.com\/mentions-legales-le-sylvalou-en-camargue#breadcrumb","itemListElement":[{"@type":"ListItem","position":1,"name":"Accueil","item":"https:\/\/lesylvalouencamargue.com\/"},{"@type":"ListItem","position":2,"name":"Mentions l\u00e9gales"}]},{"@type":"WebSite","@id":"https:\/\/lesylvalouencamargue.com\/#website","url":"https:\/\/lesylvalouencamargue.com\/","name":"lesylvalouencamargue","description":"Mas camarguais aux Saintes Maries de la Mer","publisher":{"@id":"https:\/\/lesylvalouencamargue.com\/#organization"},"alternateName":"le sylvalou en camargue","potentialAction":[{"@type":"SearchAction","target":{"@type":"EntryPoint","urlTemplate":"https:\/\/lesylvalouencamargue.com\/?s={search_term_string}"},"query-input":"required name=search_term_string"}],"inLanguage":"en-US"},{"@type":"Organization","@id":"https:\/\/lesylvalouencamargue.com\/#organization","name":"Le Sylvalou en camargue","url":"https:\/\/lesylvalouencamargue.com\/","logo":{"@type":"ImageObject","inLanguage":"en-US","@id":"https:\/\/lesylvalouencamargue.com\/#\/schema\/logo\/image\/","url":"https:\/\/lesylvalouencamargue.com\/wp-content\/uploads\/2024\/04\/cropped-Logo-sylvalou-2024.png","contentUrl":"https:\/\/lesylvalouencamargue.com\/wp-content\/uploads\/2024\/04\/cropped-Logo-sylvalou-2024.png","width":1945,"height":1484,"caption":"Le Sylvalou en camargue"},"image":{"@id":"https:\/\/lesylvalouencamargue.com\/#\/schema\/logo\/image\/"}}]}},"_links":{"self":[{"href":"http:\/\/lesylvalouencamargue.com\/en\/wp-json\/wp\/v2\/pages\/980","targetHints":{"allow":["GET"]}}],"collection":[{"href":"http:\/\/lesylvalouencamargue.com\/en\/wp-json\/wp\/v2\/pages"}],"about":[{"href":"http:\/\/lesylvalouencamargue.com\/en\/wp-json\/wp\/v2\/types\/page"}],"author":[{"embeddable":true,"href":"http:\/\/lesylvalouencamargue.com\/en\/wp-json\/wp\/v2\/users\/1"}],"replies":[{"embeddable":true,"href":"http:\/\/lesylvalouencamargue.com\/en\/wp-json\/wp\/v2\/comments?post=980"}],"version-history":[{"count":13,"href":"http:\/\/lesylvalouencamargue.com\/en\/wp-json\/wp\/v2\/pages\/980\/revisions"}],"predecessor-version":[{"id":1382,"href":"http:\/\/lesylvalouencamargue.com\/en\/wp-json\/wp\/v2\/pages\/980\/revisions\/1382"}],"wp:attachment":[{"href":"http:\/\/lesylvalouencamargue.com\/en\/wp-json\/wp\/v2\/media?parent=980"}],"curies":[{"name":"wp","href":"https:\/\/api.w.org\/{rel}","templated":true}]}}